{"id":5920,"date":"2023-03-28T19:21:14","date_gmt":"2023-03-28T19:21:14","guid":{"rendered":"https:\/\/enconstruccion.seryes.com\/?page_id=5920"},"modified":"2023-03-28T23:37:03","modified_gmt":"2023-03-28T23:37:03","slug":"accesibilidad","status":"publish","type":"page","link":"https:\/\/segurosconseryes.com\/en\/accesibilidad\/","title":{"rendered":"accesibilidad"},"content":{"rendered":"<div data-elementor-type=\"wp-page\" data-elementor-id=\"5920\" class=\"elementor elementor-5920\" data-elementor-post-type=\"page\">\n\t\t\t\t\t\t<section class=\"elementor-section elementor-top-section elementor-element elementor-element-88c6e0a elementor-section-stretched elementor-section-boxed elementor-section-height-default elementor-section-height-default\" data-id=\"88c6e0a\" data-element_type=\"section\" data-e-type=\"section\" data-settings=\"{&quot;stretch_section&quot;:&quot;section-stretched&quot;}\">\n\t\t\t\t\t\t<div class=\"elementor-container elementor-column-gap-default\">\n\t\t\t\t\t<div class=\"elementor-column elementor-col-100 elementor-top-column elementor-element elementor-element-47611b9\" data-id=\"47611b9\" data-element_type=\"column\" data-e-type=\"column\">\n\t\t\t<div class=\"elementor-widget-wrap elementor-element-populated\">\n\t\t\t\t\t\t<div class=\"elementor-element elementor-element-6b9a1b1 elementor-widget elementor-widget-image\" data-id=\"6b9a1b1\" data-element_type=\"widget\" data-e-type=\"widget\" data-widget_type=\"image.default\">\n\t\t\t\t<div class=\"elementor-widget-container\">\n\t\t\t\t\t\t\t\t\t\t\t\t\t\t\t<img decoding=\"async\" src=\"https:\/\/segurosconseryes.com\/wp-content\/uploads\/2022\/01\/privacidad-ok.png\" title=\"\" alt=\"\" loading=\"lazy\" \/>\t\t\t\t\t\t\t\t\t\t\t\t\t\t\t<\/div>\n\t\t\t\t<\/div>\n\t\t\t\t\t<\/div>\n\t\t<\/div>\n\t\t\t\t\t<\/div>\n\t\t<\/section>\n\t\t\t\t<section class=\"elementor-section elementor-top-section elementor-element elementor-element-9c76043 elementor-section-full_width elementor-section-stretched elementor-section-height-default elementor-section-height-default\" data-id=\"9c76043\" data-element_type=\"section\" data-e-type=\"section\" data-settings=\"{&quot;stretch_section&quot;:&quot;section-stretched&quot;}\">\n\t\t\t\t\t\t<div class=\"elementor-container elementor-column-gap-default\">\n\t\t\t\t\t<div class=\"elementor-column elementor-col-100 elementor-top-column elementor-element elementor-element-4b08c9c\" data-id=\"4b08c9c\" data-element_type=\"column\" data-e-type=\"column\">\n\t\t\t<div class=\"elementor-widget-wrap elementor-element-populated\">\n\t\t\t\t\t\t<div class=\"elementor-element elementor-element-a070ef5 titulo elementor-widget elementor-widget-heading\" data-id=\"a070ef5\" data-element_type=\"widget\" data-e-type=\"widget\" data-widget_type=\"heading.default\">\n\t\t\t\t<div class=\"elementor-widget-container\">\n\t\t\t\t\t<h2 class=\"elementor-heading-title elementor-size-default\">Declaraci\u00f3n de accesibilidad<\/h2>\t\t\t\t<\/div>\n\t\t\t\t<\/div>\n\t\t\t\t\t<\/div>\n\t\t<\/div>\n\t\t\t\t\t<\/div>\n\t\t<\/section>\n\t\t\t\t<section class=\"elementor-section elementor-top-section elementor-element elementor-element-7f57318 elementor-section-boxed elementor-section-height-default elementor-section-height-default\" data-id=\"7f57318\" data-element_type=\"section\" data-e-type=\"section\">\n\t\t\t\t\t\t<div class=\"elementor-container elementor-column-gap-default\">\n\t\t\t\t\t<div class=\"elementor-column elementor-col-100 elementor-top-column elementor-element elementor-element-7f88f96\" data-id=\"7f88f96\" data-element_type=\"column\" data-e-type=\"column\">\n\t\t\t<div class=\"elementor-widget-wrap elementor-element-populated\">\n\t\t\t\t\t\t<div class=\"elementor-element elementor-element-08ffe21 elementor-widget-divider--view-line elementor-widget elementor-widget-divider\" data-id=\"08ffe21\" data-element_type=\"widget\" data-e-type=\"widget\" data-widget_type=\"divider.default\">\n\t\t\t\t<div class=\"elementor-widget-container\">\n\t\t\t\t\t\t\t<div class=\"elementor-divider\">\n\t\t\t<span class=\"elementor-divider-separator\">\n\t\t\t\t\t\t<\/span>\n\t\t<\/div>\n\t\t\t\t\t\t<\/div>\n\t\t\t\t<\/div>\n\t\t\t\t\t<\/div>\n\t\t<\/div>\n\t\t\t\t\t<\/div>\n\t\t<\/section>\n\t\t\t\t<section class=\"elementor-section elementor-top-section elementor-element elementor-element-fa8fdf0 elementor-section-boxed elementor-section-height-default elementor-section-height-default\" data-id=\"fa8fdf0\" data-element_type=\"section\" data-e-type=\"section\">\n\t\t\t\t\t\t<div class=\"elementor-container elementor-column-gap-default\">\n\t\t\t\t\t<div class=\"elementor-column elementor-col-100 elementor-top-column elementor-element elementor-element-06e6def\" data-id=\"06e6def\" data-element_type=\"column\" data-e-type=\"column\">\n\t\t\t<div class=\"elementor-widget-wrap elementor-element-populated\">\n\t\t\t\t\t\t\t<\/div>\n\t\t<\/div>\n\t\t\t\t\t<\/div>\n\t\t<\/section>\n\t\t\t\t<section class=\"elementor-section elementor-top-section elementor-element elementor-element-5179a04 elementor-section-boxed elementor-section-height-default elementor-section-height-default\" data-id=\"5179a04\" data-element_type=\"section\" data-e-type=\"section\">\n\t\t\t\t\t\t<div class=\"elementor-container elementor-column-gap-default\">\n\t\t\t\t\t<div class=\"elementor-column elementor-col-100 elementor-top-column elementor-element elementor-element-0610d15\" data-id=\"0610d15\" data-element_type=\"column\" data-e-type=\"column\">\n\t\t\t<div class=\"elementor-widget-wrap elementor-element-populated\">\n\t\t\t\t\t\t<div class=\"elementor-element elementor-element-5cdf2a1 elementor-widget elementor-widget-text-editor\" data-id=\"5cdf2a1\" data-element_type=\"widget\" data-e-type=\"widget\" data-widget_type=\"text-editor.default\">\n\t\t\t\t<div class=\"elementor-widget-container\">\n\t\t\t\t\t\t\t\t\t<p><strong>Seryes\u00a0<\/strong> se ha comprometido a gestionar la accesibilidad su sitio web\u00a0 <strong>seryes.com<\/strong> , de conformidad con el\u00a0<a href=\"http:\/\/www.boe.es\/diario_boe\/txt.php?id=BOE-A-2018-12699\">Real Decreto 1112\/2018, de 7 de septiembre, sobre accesibilidad de los sitios web<\/a>.<\/p><p><b>Evaluaci\u00f3n:\u00a0<\/b><span style=\"color: var( --e-global-color-text ); font-family: var( --e-global-typography-text-font-family ), Sans-serif; font-weight: var( --e-global-typography-text-font-weight ); background-color: var(--base-3);\">Este sitio web es parcialmente conforme con el\u00a0<\/span><a style=\"font-family: var( --e-global-typography-text-font-family ), Sans-serif; font-weight: var( --e-global-typography-text-font-weight ); background-color: var(--base-3);\" href=\"http:\/\/www.boe.es\/diario_boe\/txt.php?id=BOE-A-2018-12699\">RD 1112\/2018<\/a><span style=\"color: var( --e-global-color-text ); font-family: var( --e-global-typography-text-font-family ), Sans-serif; font-weight: var( --e-global-typography-text-font-weight ); background-color: var(--base-3);\">.\u00a0<\/span><span style=\"color: var( --e-global-color-text ); font-family: var( --e-global-typography-text-font-family ), Sans-serif; font-weight: var( --e-global-typography-text-font-weight ); background-color: var(--base-3);\">Se ha procurado que todo el contenido est\u00e1 totalmente accesible,\u00a0 podr\u00edan existir errores de c\u00f3digo puntuales de edici\u00f3n en alguna secci\u00f3n del sitio web. El nivel de conformidad es AA de la norma UNE-EN 301549:2019.\u00a0\u00a0<\/span><span style=\"color: var( --e-global-color-text ); font-family: var( --e-global-typography-text-font-family ), Sans-serif; font-weight: var( --e-global-typography-text-font-weight ); background-color: var(--base-3);\">Podr\u00edan existir algunos componentes de la interfaz de usuario que no se encuentren etiquetados correctamente. <\/span><span style=\"color: var( --e-global-color-text ); font-family: var( --e-global-typography-text-font-family ), Sans-serif; font-weight: var( --e-global-typography-text-font-weight ); background-color: var(--base-3);\">Podr\u00edan existir archivos ofim\u00e1ticos en PDF u otros formatos publicados antes del 20 de septiembre de 2018 que no cumplan en su totalidad todos los requisitos de accesibilidad. Aunque se ha procurado que la mayor\u00eda de ellos s\u00ed lo cumplan.<\/span><\/p><p><span style=\"color: var( --e-global-color-text ); font-family: var( --e-global-typography-text-font-family ), Sans-serif; font-weight: var( --e-global-typography-text-font-weight ); background-color: var(--base-3);\">La presente declaraci\u00f3n fue preparada el 20 de Febrero 2023.\u00a0<\/span><span style=\"color: var( --e-global-color-text ); font-family: var( --e-global-typography-text-font-family ), Sans-serif; font-weight: var( --e-global-typography-text-font-weight ); background-color: var(--base-3);\">El m\u00e9todo empleado para preparar la declaraci\u00f3n ha sido una autoevaluaci\u00f3n llevada a cabo por la propia empresa.\u00a0<\/span><span style=\"color: var( --e-global-color-text ); font-family: var( --e-global-typography-text-font-family ), Sans-serif; font-weight: var( --e-global-typography-text-font-weight ); background-color: var(--base-3);\">La Declaraci\u00f3n de Accesibilidad no ha sido revisada y actualizada desde la fecha indicada. Las herramientas utilizadas para esta evaluaci\u00f3n han sido:<\/span><\/p><ul><li>ContrastChecker (extensi\u00f3n de navegador chrome)<\/li><li>taba11y (extensi\u00f3n de\u00a0navegador\u00a0chrome)<\/li><li>Wave (extensi\u00f3n de\u00a0navegador\u00a0chrome)<\/li><li>Siteimprove\u00a0<\/li><li>Zoom para chrome (extensi\u00f3n\u00a0navegador\u00a0chrome)<\/li><li>Turn on caret browsing (extensi\u00f3n de chrome)<\/li><\/ul><p><strong>Contacto:\u00a0\u00a0<\/strong><span style=\"background-color: var(--base-3); color: var( --e-global-color-text ); font-family: var( --e-global-typography-text-font-family ), Sans-serif; font-weight: var( --e-global-typography-text-font-weight );\">Puede realizar\u00a0comunicaciones\u00a0sobre requisitos de accesibilidad (art\u00edculo 10.2.a del RD 1112\/2018) como por ejemplo:<\/span><\/p><ul><li>informar sobre cualquier posible incumplimiento por parte de este sitio web<\/li><li>transmitir otras\u00a0dificultades de acceso\u00a0al contenido<\/li><li>formular cualquier otra\u00a0consulta o sugerencia de mejora\u00a0relativa a la accesibilidad del sitio web<\/li><\/ul><p>Puede presentar queja re<span style=\"color: var( --e-global-color-text ); font-family: var( --e-global-typography-text-font-family ), Sans-serif; font-weight: var( --e-global-typography-text-font-weight ); background-color: var(--base-3);\">lativa al cumplimiento de los requisitos del RD 1112\/2018.\u00a0<\/span><span style=\"color: var( --e-global-color-text ); font-family: var( --e-global-typography-text-font-family ), Sans-serif; font-weight: var( --e-global-typography-text-font-weight ); background-color: var(--base-3);\">En la Solicitud de informaci\u00f3n accesible, se debe concretar, con toda claridad, los hechos, razones y petici\u00f3n que permitan constatar que se trata de una solicitud razonable y leg\u00edtima.<\/span><\/p><p><span style=\"color: var( --e-global-color-text ); font-family: var( --e-global-typography-text-font-family ), Sans-serif; font-weight: var( --e-global-typography-text-font-weight ); background-color: var(--base-3);\">\u00a0<\/span><span style=\"color: var( --e-global-color-text ); font-family: var( --e-global-typography-text-font-family ), Sans-serif; font-weight: var( --e-global-typography-text-font-weight ); background-color: var(--base-3);\">Las quejas y reclamaciones sobre informaci\u00f3n accesible se realizar\u00e1n a trav\u00e9s del formulario de contacto de la p\u00e1gina web.<\/span><\/p><p><span style=\"font-weight: bold;\">Contenido:\u00a0<\/span><span style=\"color: var( --e-global-color-text ); font-family: var( --e-global-typography-text-font-family ), Sans-serif; font-weight: var( --e-global-typography-text-font-weight ); background-color: var(--base-3);\">Este portal est\u00e1 dise\u00f1ado para poder cambiar el tama\u00f1o del texto y el color, as\u00ed como el fondo de la p\u00e1gina mediante las opciones de configuraci\u00f3n est\u00e1ndar de los navegadores.<\/span><\/p><p>Si desea cambiar el tama\u00f1o de letra del texto en los principales navegadores gr\u00e1ficos utilice los siguientes men\u00fas:<\/p><ul><li>Internet Explorer, Mozilla y Firefox: Ver &gt; Tama\u00f1o del texto<\/li><li>Opera: Ver &gt; Zoom<\/li><li>Safari: Ver &gt; Hacer el texto m\u00e1s grande<\/li><li>Chrome: Controla la p\u00e1gina actual &gt; Tama\u00f1o del texto<\/li><li>Para modificar el tama\u00f1o de todo en la p\u00e1gina:<ul><li>Ctrl + + para aumentarlo<\/li><li>Ctrl + &#8211; para disminuirlo<\/li><li>Ctrl + 0 restaura el tama\u00f1o original del texto<\/li><li>Si lo que quiere es anular la hoja de estilos o modificar el color del texto, puede consultar la p\u00e1gina\u00a0<span lang=\"en\">How to Change Text Size or Colors<\/span>\u00a0de la WAI, que se puede leer traducida al espa\u00f1ol en \u00bfC\u00f3mo cambiar el tama\u00f1o del texto o colores?<\/li><\/ul><\/li><\/ul>\t\t\t\t\t\t\t\t<\/div>\n\t\t\t\t<\/div>\n\t\t\t\t\t<\/div>\n\t\t<\/div>\n\t\t\t\t\t<\/div>\n\t\t<\/section>\n\t\t\t\t<section class=\"elementor-section elementor-top-section elementor-element elementor-element-0f2386a elementor-section-boxed elementor-section-height-default elementor-section-height-default\" data-id=\"0f2386a\" data-element_type=\"section\" data-e-type=\"section\">\n\t\t\t\t\t\t<div class=\"elementor-container elementor-column-gap-default\">\n\t\t\t\t\t<div class=\"elementor-column elementor-col-100 elementor-top-column elementor-element elementor-element-80b5fac\" data-id=\"80b5fac\" data-element_type=\"column\" data-e-type=\"column\">\n\t\t\t<div class=\"elementor-widget-wrap elementor-element-populated\">\n\t\t\t\t\t\t<div class=\"elementor-element elementor-element-8c02bd7 elementor-widget elementor-widget-image\" data-id=\"8c02bd7\" data-element_type=\"widget\" data-e-type=\"widget\" data-widget_type=\"image.default\">\n\t\t\t\t<div class=\"elementor-widget-container\">\n\t\t\t\t\t\t\t\t\t\t\t\t\t\t\t\t<a href=\"https:\/\/www.w3.org\/WAI\/WCAG1A-Conformance%20%20\">\n\t\t\t\t\t\t\t<img decoding=\"async\" width=\"88\" height=\"31\" src=\"https:\/\/segurosconseryes.com\/wp-content\/uploads\/2023\/03\/wcag1A.gif\" class=\"attachment-large size-large wp-image-5944\" alt=\"wcag1A\" \/>\t\t\t\t\t\t\t\t<\/a>\n\t\t\t\t\t\t\t\t\t\t\t\t\t\t\t<\/div>\n\t\t\t\t<\/div>\n\t\t\t\t\t<\/div>\n\t\t<\/div>\n\t\t\t\t\t<\/div>\n\t\t<\/section>\n\t\t\t\t<\/div>","protected":false},"excerpt":{"rendered":"<p>Declaraci\u00f3n de accesibilidad Seryes\u00a0 se ha comprometido a gestionar la accesibilidad su sitio web\u00a0 seryes.com , de conformidad con el\u00a0Real Decreto 1112\/2018, de 7 de septiembre, sobre accesibilidad de los sitios web. Evaluaci\u00f3n:\u00a0Este sitio web es parcialmente conforme con el\u00a0RD 1112\/2018.\u00a0Se ha procurado que todo el contenido est\u00e1 totalmente accesible,\u00a0 podr\u00edan existir errores de c\u00f3digo &#8230; <a title=\"accesibilidad\" class=\"read-more\" href=\"https:\/\/segurosconseryes.com\/en\/accesibilidad\/\" aria-label=\"Read more about accesibilidad\">Read more<\/a><\/p>","protected":false},"author":3,"featured_media":0,"parent":0,"menu_order":0,"comment_status":"closed","ping_status":"closed","template":"","meta":{"inline_featured_image":false,"footnotes":""},"class_list":["post-5920","page","type-page","status-publish"],"yoast_head":"<!-- This site is optimized with the Yoast SEO Premium plugin v19.2.1 (Yoast SEO v27.1.1) - https:\/\/yoast.com\/product\/yoast-seo-premium-wordpress\/ -->\n<title>accesibilidad - Seguros con Seryes<\/title>\n<meta name=\"robots\" content=\"index, follow, max-snippet:-1, max-image-preview:large, max-video-preview:-1\" \/>\n<link rel=\"canonical\" href=\"https:\/\/segurosconseryes.com\/en\/accesibilidad\/\" \/>\n<meta property=\"og:locale\" content=\"en_GB\" \/>\n<meta property=\"og:type\" content=\"article\" \/>\n<meta property=\"og:title\" content=\"accesibilidad\" \/>\n<meta property=\"og:description\" content=\"Declaraci\u00f3n de accesibilidad Seryes\u00a0 se ha comprometido a gestionar la accesibilidad su sitio web\u00a0 seryes.com , de conformidad con el\u00a0Real Decreto 1112\/2018, de 7 de septiembre, sobre accesibilidad de los sitios web. Evaluaci\u00f3n:\u00a0Este sitio web es parcialmente conforme con el\u00a0RD 1112\/2018.\u00a0Se ha procurado que todo el contenido est\u00e1 totalmente accesible,\u00a0 podr\u00edan existir errores de c\u00f3digo ... Read more\" \/>\n<meta property=\"og:url\" content=\"https:\/\/segurosconseryes.com\/en\/accesibilidad\/\" \/>\n<meta property=\"og:site_name\" content=\"Seguros con Seryes\" \/>\n<meta property=\"article:modified_time\" content=\"2023-03-28T23:37:03+00:00\" \/>\n<meta property=\"og:image\" content=\"https:\/\/segurosconseryes.com\/wp-content\/uploads\/2022\/01\/privacidad-ok.png\" \/>\n<meta name=\"twitter:card\" content=\"summary_large_image\" \/>\n<meta name=\"twitter:label1\" content=\"Estimated reading time\" \/>\n\t<meta name=\"twitter:data1\" content=\"3 minutes\" \/>\n<script type=\"application\/ld+json\" class=\"yoast-schema-graph\">{\"@context\":\"https:\/\/schema.org\",\"@graph\":[{\"@type\":\"WebPage\",\"@id\":\"https:\/\/segurosconseryes.com\/accesibilidad\/\",\"url\":\"https:\/\/segurosconseryes.com\/accesibilidad\/\",\"name\":\"accesibilidad - Seguros con Seryes\",\"isPartOf\":{\"@id\":\"https:\/\/segurosconseryes.com\/#website\"},\"primaryImageOfPage\":{\"@id\":\"https:\/\/segurosconseryes.com\/accesibilidad\/#primaryimage\"},\"image\":{\"@id\":\"https:\/\/segurosconseryes.com\/accesibilidad\/#primaryimage\"},\"thumbnailUrl\":\"https:\/\/segurosconseryes.com\/wp-content\/uploads\/2022\/01\/privacidad-ok.png\",\"datePublished\":\"2023-03-28T19:21:14+00:00\",\"dateModified\":\"2023-03-28T23:37:03+00:00\",\"breadcrumb\":{\"@id\":\"https:\/\/segurosconseryes.com\/accesibilidad\/#breadcrumb\"},\"inLanguage\":\"en-GB\",\"potentialAction\":[{\"@type\":\"ReadAction\",\"target\":[\"https:\/\/segurosconseryes.com\/accesibilidad\/\"]}]},{\"@type\":\"ImageObject\",\"inLanguage\":\"en-GB\",\"@id\":\"https:\/\/segurosconseryes.com\/accesibilidad\/#primaryimage\",\"url\":\"https:\/\/segurosconseryes.com\/wp-content\/uploads\/2022\/01\/privacidad-ok.png\",\"contentUrl\":\"https:\/\/segurosconseryes.com\/wp-content\/uploads\/2022\/01\/privacidad-ok.png\"},{\"@type\":\"BreadcrumbList\",\"@id\":\"https:\/\/segurosconseryes.com\/accesibilidad\/#breadcrumb\",\"itemListElement\":[{\"@type\":\"ListItem\",\"position\":1,\"name\":\"Portada\",\"item\":\"https:\/\/segurosconseryes.com\/\"},{\"@type\":\"ListItem\",\"position\":2,\"name\":\"accesibilidad\"}]},{\"@type\":\"WebSite\",\"@id\":\"https:\/\/segurosconseryes.com\/#website\",\"url\":\"https:\/\/segurosconseryes.com\/\",\"name\":\"seryes\",\"description\":\"pagina web de seguros\",\"publisher\":{\"@id\":\"https:\/\/segurosconseryes.com\/#organization\"},\"alternateName\":\"seryes.com\",\"potentialAction\":[{\"@type\":\"SearchAction\",\"target\":{\"@type\":\"EntryPoint\",\"urlTemplate\":\"https:\/\/segurosconseryes.com\/?s={search_term_string}\"},\"query-input\":{\"@type\":\"PropertyValueSpecification\",\"valueRequired\":true,\"valueName\":\"search_term_string\"}}],\"inLanguage\":\"en-GB\"},{\"@type\":\"Organization\",\"@id\":\"https:\/\/segurosconseryes.com\/#organization\",\"name\":\"seryes\",\"alternateName\":\"seryes seguros\",\"url\":\"https:\/\/segurosconseryes.com\/\",\"logo\":{\"@type\":\"ImageObject\",\"inLanguage\":\"en-GB\",\"@id\":\"https:\/\/segurosconseryes.com\/#\/schema\/logo\/image\/\",\"url\":\"https:\/\/segurosconseryes.com\/wp-content\/uploads\/2023\/03\/logo-seryes-fondo.jpg\",\"contentUrl\":\"https:\/\/segurosconseryes.com\/wp-content\/uploads\/2023\/03\/logo-seryes-fondo.jpg\",\"width\":230,\"height\":100,\"caption\":\"seryes\"},\"image\":{\"@id\":\"https:\/\/segurosconseryes.com\/#\/schema\/logo\/image\/\"}}]}<\/script>\n<!-- \/ Yoast SEO Premium plugin. -->","yoast_head_json":{"title":"accesibilidad - Seguros con Seryes","robots":{"index":"index","follow":"follow","max-snippet":"max-snippet:-1","max-image-preview":"max-image-preview:large","max-video-preview":"max-video-preview:-1"},"canonical":"https:\/\/segurosconseryes.com\/en\/accesibilidad\/","og_locale":"en_GB","og_type":"article","og_title":"accesibilidad","og_description":"Declaraci\u00f3n de accesibilidad Seryes\u00a0 se ha comprometido a gestionar la accesibilidad su sitio web\u00a0 seryes.com , de conformidad con el\u00a0Real Decreto 1112\/2018, de 7 de septiembre, sobre accesibilidad de los sitios web. Evaluaci\u00f3n:\u00a0Este sitio web es parcialmente conforme con el\u00a0RD 1112\/2018.\u00a0Se ha procurado que todo el contenido est\u00e1 totalmente accesible,\u00a0 podr\u00edan existir errores de c\u00f3digo ... Read more","og_url":"https:\/\/segurosconseryes.com\/en\/accesibilidad\/","og_site_name":"Seguros con Seryes","article_modified_time":"2023-03-28T23:37:03+00:00","og_image":[{"url":"https:\/\/segurosconseryes.com\/wp-content\/uploads\/2022\/01\/privacidad-ok.png","type":"","width":"","height":""}],"twitter_card":"summary_large_image","twitter_misc":{"Estimated reading time":"3 minutes"},"schema":{"@context":"https:\/\/schema.org","@graph":[{"@type":"WebPage","@id":"https:\/\/segurosconseryes.com\/accesibilidad\/","url":"https:\/\/segurosconseryes.com\/accesibilidad\/","name":"accesibilidad - Seguros con Seryes","isPartOf":{"@id":"https:\/\/segurosconseryes.com\/#website"},"primaryImageOfPage":{"@id":"https:\/\/segurosconseryes.com\/accesibilidad\/#primaryimage"},"image":{"@id":"https:\/\/segurosconseryes.com\/accesibilidad\/#primaryimage"},"thumbnailUrl":"https:\/\/segurosconseryes.com\/wp-content\/uploads\/2022\/01\/privacidad-ok.png","datePublished":"2023-03-28T19:21:14+00:00","dateModified":"2023-03-28T23:37:03+00:00","breadcrumb":{"@id":"https:\/\/segurosconseryes.com\/accesibilidad\/#breadcrumb"},"inLanguage":"en-GB","potentialAction":[{"@type":"ReadAction","target":["https:\/\/segurosconseryes.com\/accesibilidad\/"]}]},{"@type":"ImageObject","inLanguage":"en-GB","@id":"https:\/\/segurosconseryes.com\/accesibilidad\/#primaryimage","url":"https:\/\/segurosconseryes.com\/wp-content\/uploads\/2022\/01\/privacidad-ok.png","contentUrl":"https:\/\/segurosconseryes.com\/wp-content\/uploads\/2022\/01\/privacidad-ok.png"},{"@type":"BreadcrumbList","@id":"https:\/\/segurosconseryes.com\/accesibilidad\/#breadcrumb","itemListElement":[{"@type":"ListItem","position":1,"name":"Portada","item":"https:\/\/segurosconseryes.com\/"},{"@type":"ListItem","position":2,"name":"accesibilidad"}]},{"@type":"WebSite","@id":"https:\/\/segurosconseryes.com\/#website","url":"https:\/\/segurosconseryes.com\/","name":"seryes","description":"pagina web de seguros","publisher":{"@id":"https:\/\/segurosconseryes.com\/#organization"},"alternateName":"seryes.com","potentialAction":[{"@type":"SearchAction","target":{"@type":"EntryPoint","urlTemplate":"https:\/\/segurosconseryes.com\/?s={search_term_string}"},"query-input":{"@type":"PropertyValueSpecification","valueRequired":true,"valueName":"search_term_string"}}],"inLanguage":"en-GB"},{"@type":"Organization","@id":"https:\/\/segurosconseryes.com\/#organization","name":"seryes","alternateName":"seryes seguros","url":"https:\/\/segurosconseryes.com\/","logo":{"@type":"ImageObject","inLanguage":"en-GB","@id":"https:\/\/segurosconseryes.com\/#\/schema\/logo\/image\/","url":"https:\/\/segurosconseryes.com\/wp-content\/uploads\/2023\/03\/logo-seryes-fondo.jpg","contentUrl":"https:\/\/segurosconseryes.com\/wp-content\/uploads\/2023\/03\/logo-seryes-fondo.jpg","width":230,"height":100,"caption":"seryes"},"image":{"@id":"https:\/\/segurosconseryes.com\/#\/schema\/logo\/image\/"}}]}},"_links":{"self":[{"href":"https:\/\/segurosconseryes.com\/en\/wp-json\/wp\/v2\/pages\/5920","targetHints":{"allow":["GET"]}}],"collection":[{"href":"https:\/\/segurosconseryes.com\/en\/wp-json\/wp\/v2\/pages"}],"about":[{"href":"https:\/\/segurosconseryes.com\/en\/wp-json\/wp\/v2\/types\/page"}],"author":[{"embeddable":true,"href":"https:\/\/segurosconseryes.com\/en\/wp-json\/wp\/v2\/users\/3"}],"replies":[{"embeddable":true,"href":"https:\/\/segurosconseryes.com\/en\/wp-json\/wp\/v2\/comments?post=5920"}],"version-history":[{"count":19,"href":"https:\/\/segurosconseryes.com\/en\/wp-json\/wp\/v2\/pages\/5920\/revisions"}],"predecessor-version":[{"id":5953,"href":"https:\/\/segurosconseryes.com\/en\/wp-json\/wp\/v2\/pages\/5920\/revisions\/5953"}],"wp:attachment":[{"href":"https:\/\/segurosconseryes.com\/en\/wp-json\/wp\/v2\/media?parent=5920"}],"curies":[{"name":"wp","href":"https:\/\/api.w.org\/{rel}","templated":true}]}}