{"id":5910,"date":"2023-03-28T18:48:11","date_gmt":"2023-03-28T18:48:11","guid":{"rendered":"https:\/\/enconstruccion.seryes.com\/?page_id=5910"},"modified":"2023-08-26T22:52:57","modified_gmt":"2023-08-26T22:52:57","slug":"sitemap","status":"publish","type":"page","link":"https:\/\/segurosconseryes.com\/en\/sitemap\/","title":{"rendered":"sitemap"},"content":{"rendered":"<div data-elementor-type=\"wp-page\" data-elementor-id=\"5910\" class=\"elementor elementor-5910\" data-elementor-post-type=\"page\">\n\t\t\t\t\t\t<section class=\"elementor-section elementor-top-section elementor-element elementor-element-88c6e0a elementor-section-stretched elementor-section-boxed elementor-section-height-default elementor-section-height-default\" data-id=\"88c6e0a\" data-element_type=\"section\" data-e-type=\"section\" data-settings=\"{&quot;stretch_section&quot;:&quot;section-stretched&quot;}\">\n\t\t\t\t\t\t<div class=\"elementor-container elementor-column-gap-default\">\n\t\t\t\t\t<div class=\"elementor-column elementor-col-100 elementor-top-column elementor-element elementor-element-47611b9\" data-id=\"47611b9\" data-element_type=\"column\" data-e-type=\"column\">\n\t\t\t<div class=\"elementor-widget-wrap elementor-element-populated\">\n\t\t\t\t\t\t<div class=\"elementor-element elementor-element-6b9a1b1 elementor-widget elementor-widget-image\" data-id=\"6b9a1b1\" data-element_type=\"widget\" data-e-type=\"widget\" data-widget_type=\"image.default\">\n\t\t\t\t<div class=\"elementor-widget-container\">\n\t\t\t\t\t\t\t\t\t\t\t\t\t\t\t<img decoding=\"async\" src=\"https:\/\/segurosconseryes.com\/wp-content\/uploads\/2022\/01\/privacidad-ok.png\" title=\"\" alt=\"\" loading=\"lazy\" \/>\t\t\t\t\t\t\t\t\t\t\t\t\t\t\t<\/div>\n\t\t\t\t<\/div>\n\t\t\t\t\t<\/div>\n\t\t<\/div>\n\t\t\t\t\t<\/div>\n\t\t<\/section>\n\t\t\t\t<section class=\"elementor-section elementor-top-section elementor-element elementor-element-9c76043 elementor-section-full_width elementor-section-stretched elementor-section-height-default elementor-section-height-default\" data-id=\"9c76043\" data-element_type=\"section\" data-e-type=\"section\" data-settings=\"{&quot;stretch_section&quot;:&quot;section-stretched&quot;}\">\n\t\t\t\t\t\t<div class=\"elementor-container elementor-column-gap-default\">\n\t\t\t\t\t<div class=\"elementor-column elementor-col-100 elementor-top-column elementor-element elementor-element-4b08c9c\" data-id=\"4b08c9c\" data-element_type=\"column\" data-e-type=\"column\">\n\t\t\t<div class=\"elementor-widget-wrap elementor-element-populated\">\n\t\t\t\t\t\t<div class=\"elementor-element elementor-element-a070ef5 titulo elementor-widget elementor-widget-heading\" data-id=\"a070ef5\" data-element_type=\"widget\" data-e-type=\"widget\" data-widget_type=\"heading.default\">\n\t\t\t\t<div class=\"elementor-widget-container\">\n\t\t\t\t\t<h2 class=\"elementor-heading-title elementor-size-default\">SITEMAP<\/h2>\t\t\t\t<\/div>\n\t\t\t\t<\/div>\n\t\t\t\t\t<\/div>\n\t\t<\/div>\n\t\t\t\t\t<\/div>\n\t\t<\/section>\n\t\t\t\t<section class=\"elementor-section elementor-top-section elementor-element elementor-element-7f57318 elementor-section-boxed elementor-section-height-default elementor-section-height-default\" data-id=\"7f57318\" data-element_type=\"section\" data-e-type=\"section\">\n\t\t\t\t\t\t<div class=\"elementor-container elementor-column-gap-default\">\n\t\t\t\t\t<div class=\"elementor-column elementor-col-100 elementor-top-column elementor-element elementor-element-7f88f96\" data-id=\"7f88f96\" data-element_type=\"column\" data-e-type=\"column\">\n\t\t\t<div class=\"elementor-widget-wrap elementor-element-populated\">\n\t\t\t\t\t\t<div class=\"elementor-element elementor-element-08ffe21 elementor-widget-divider--view-line elementor-widget elementor-widget-divider\" data-id=\"08ffe21\" data-element_type=\"widget\" data-e-type=\"widget\" data-widget_type=\"divider.default\">\n\t\t\t\t<div class=\"elementor-widget-container\">\n\t\t\t\t\t\t\t<div class=\"elementor-divider\">\n\t\t\t<span class=\"elementor-divider-separator\">\n\t\t\t\t\t\t<\/span>\n\t\t<\/div>\n\t\t\t\t\t\t<\/div>\n\t\t\t\t<\/div>\n\t\t\t\t\t<\/div>\n\t\t<\/div>\n\t\t\t\t\t<\/div>\n\t\t<\/section>\n\t\t\t\t<section class=\"elementor-section elementor-top-section elementor-element elementor-element-fa8fdf0 elementor-section-boxed elementor-section-height-default elementor-section-height-default\" data-id=\"fa8fdf0\" data-element_type=\"section\" data-e-type=\"section\">\n\t\t\t\t\t\t<div class=\"elementor-container elementor-column-gap-default\">\n\t\t\t\t\t<div class=\"elementor-column elementor-col-100 elementor-top-column elementor-element elementor-element-06e6def\" data-id=\"06e6def\" data-element_type=\"column\" data-e-type=\"column\">\n\t\t\t<div class=\"elementor-widget-wrap elementor-element-populated\">\n\t\t\t\t\t\t<div class=\"elementor-element elementor-element-da9a8a4 elementor-widget elementor-widget-text-editor\" data-id=\"da9a8a4\" data-element_type=\"widget\" data-e-type=\"widget\" data-widget_type=\"text-editor.default\">\n\t\t\t\t<div class=\"elementor-widget-container\">\n\t\t\t\t\t\t\t\t\t<p>Esta p\u00e1gina contiene un mapa del sitio web <b>seryes.com<\/b>\u00a0. El sitemap es una herramienta \u00fatil para navegar por la estructura y contenido del sitio. Un mapa\u00a0<span style=\"background-color: var(--base-3); color: var( --e-global-color-text ); font-family: var( --e-global-typography-text-font-family ), Sans-serif; font-weight: var( --e-global-typography-text-font-weight );\">permite a los motores de b\u00fasqueda indexar y comprender el contenido de un sitio web de manera eficiente. L<\/span><span style=\"background-color: var(--base-3);\">os motores de b\u00fasqueda pueden identificar f\u00e1cilmente el contenido y su ubicaci\u00f3n, lo que ayuda a indexar el sitio de manera m\u00e1s r\u00e1pida y eficiente. Se\u00a0<\/span><span style=\"background-color: var(--base-3);\">permite encontrar r\u00e1pidamente un contenido dando una visi\u00f3n general del contenido disponible en el sitio,<\/span><span style=\"background-color: var(--base-3);\">\u00a0navegando f\u00e1cilmente por las diferentes secciones y p\u00e1ginas.<\/span><\/p><p>Contenido importante:<\/p><ul><li><i>Particulares<\/i><\/li><li><i>Entidades<\/i><\/li><li><i>Seguros \u00e9ticos<\/i><\/li><li><i>Dudas frecuentes<\/i><\/li><li><i>Contacto<\/i><\/li><\/ul><div>\u00a0<\/div><p>E<span style=\"color: var( --e-global-color-text ); font-family: var( --e-global-typography-text-font-family ), Sans-serif; font-weight: var( --e-global-typography-text-font-weight ); background-color: var(--base-3);\">nlaces a las p\u00e1ginas principales del sitio web, como la p\u00e1gina de inicio, la p\u00e1gina de contacto y cualquier otra p\u00e1gina importante.<\/span><\/p><ul><li><em><a href=\"https:\/\/segurosconseryes.com\/en\/\">https:\/\/segurosconseryes.com\/<\/a><\/em><\/li><li><em><a href=\"https:\/\/segurosconseryes.com\/en\/entidades\/\">https:\/\/<\/a><a href=\"https:\/\/segurosconseryes.com\/en\/\">segurosconseryes.com\/<\/a>entidades\/<\/em><\/li><li><em><a href=\"https:\/\/segurosconseryes.com\/en\/particulares\/\">segurosconseryes.com\/<\/a>particulares\/<\/em><\/li><li><em><a href=\"https:\/\/seryes.com\/seguros-eticos\/\">https:\/\/seryes.com\/seguros-eticos\/<\/a><\/em><\/li><li><em><a href=\"https:\/\/segurosconseryes.com\/en\/dudas-frecuentes\/\">https:\/\/<\/a><a href=\"https:\/\/segurosconseryes.com\/en\/\">segurosconseryes.com\/<\/a>dudas-frecuentes\/<\/em><\/li><li><em><a href=\"https:\/\/segurosconseryes.com\/en\/contacto\/\">https:\/\/<\/a><a href=\"https:\/\/segurosconseryes.com\/en\/\">segurosconseryes.com\/<\/a>contacto\/<\/em><\/li><li><em>https:\/\/segurosconseryes.com\/<a href=\"https:\/\/segurosconseryes.com\/en\/accesibilidad\/\">accesibilidad\/<\/a><\/em><\/li><li><a href=\"https:\/\/segurosconseryes.com\/en\/politica-privacidad\/\"><em>https:\/\/segurosconseryes.com\/politica-privacidad<\/em><\/a><\/li><li><em><a href=\"https:\/\/segurosconseryes.com\/en\/politicas-cookies\/\">https:\/\/segurosconseryes.com\/politicas-cookies\/<\/a><\/em><\/li><li><em><a href=\"https:\/\/segurosconseryes.com\/en\/politica-transparencia\/\">https:\/\/segurosconseryes.com\/politica-transparencia\/<\/a><\/em><\/li><li><em><a href=\"https:\/\/segurosconseryes.com\/en\/sitemap\/\">https:\/\/segurosconseryes.com\/sitemap\/<\/a><\/em><\/li><\/ul><p>Esperamos que esta herramienta le haya sido \u00fatil para navegar por nuestro sitio web. Si tiene alguna pregunta o comentario, no dude en ponerse en contacto con nosotros.<\/p><p>Esta p\u00e1gina es una herramienta esencial para cualquier sitio web. Puede ayudar a mejorar la indexaci\u00f3n, optimizar el SEO, mejorar la experiencia del usuario y facilitar la identificaci\u00f3n de errores t\u00e9cnicos.<\/p>\t\t\t\t\t\t\t\t<\/div>\n\t\t\t\t<\/div>\n\t\t\t\t\t<\/div>\n\t\t<\/div>\n\t\t\t\t\t<\/div>\n\t\t<\/section>\n\t\t\t\t<\/div>","protected":false},"excerpt":{"rendered":"<p>SITEMAP Esta p\u00e1gina contiene un mapa del sitio web seryes.com\u00a0. El sitemap es una herramienta \u00fatil para navegar por la estructura y contenido del sitio. Un mapa\u00a0permite a los motores de b\u00fasqueda indexar y comprender el contenido de un sitio web de manera eficiente. Los motores de b\u00fasqueda pueden identificar f\u00e1cilmente el contenido y su &#8230; <a title=\"sitemap\" class=\"read-more\" href=\"https:\/\/segurosconseryes.com\/en\/sitemap\/\" aria-label=\"Read more about sitemap\">Read more<\/a><\/p>","protected":false},"author":3,"featured_media":0,"parent":0,"menu_order":0,"comment_status":"closed","ping_status":"closed","template":"","meta":{"inline_featured_image":false,"footnotes":""},"class_list":["post-5910","page","type-page","status-publish"],"yoast_head":"<!-- This site is optimized with the Yoast SEO Premium plugin v19.2.1 (Yoast SEO v27.1.1) - https:\/\/yoast.com\/product\/yoast-seo-premium-wordpress\/ -->\n<title>sitemap - Seguros con Seryes<\/title>\n<meta name=\"robots\" content=\"index, follow, max-snippet:-1, max-image-preview:large, max-video-preview:-1\" \/>\n<link rel=\"canonical\" href=\"https:\/\/segurosconseryes.com\/en\/sitemap\/\" \/>\n<meta property=\"og:locale\" content=\"en_GB\" \/>\n<meta property=\"og:type\" content=\"article\" \/>\n<meta property=\"og:title\" content=\"sitemap\" \/>\n<meta property=\"og:description\" content=\"SITEMAP Esta p\u00e1gina contiene un mapa del sitio web seryes.com\u00a0. El sitemap es una herramienta \u00fatil para navegar por la estructura y contenido del sitio. Un mapa\u00a0permite a los motores de b\u00fasqueda indexar y comprender el contenido de un sitio web de manera eficiente. Los motores de b\u00fasqueda pueden identificar f\u00e1cilmente el contenido y su ... Read more\" \/>\n<meta property=\"og:url\" content=\"https:\/\/segurosconseryes.com\/en\/sitemap\/\" \/>\n<meta property=\"og:site_name\" content=\"Seguros con Seryes\" \/>\n<meta property=\"article:modified_time\" content=\"2023-08-26T22:52:57+00:00\" \/>\n<meta property=\"og:image\" content=\"https:\/\/segurosconseryes.com\/wp-content\/uploads\/2022\/01\/privacidad-ok.png\" \/>\n<meta name=\"twitter:card\" content=\"summary_large_image\" \/>\n<meta name=\"twitter:label1\" content=\"Estimated reading time\" \/>\n\t<meta name=\"twitter:data1\" content=\"2 minutes\" \/>\n<script type=\"application\/ld+json\" class=\"yoast-schema-graph\">{\"@context\":\"https:\/\/schema.org\",\"@graph\":[{\"@type\":\"WebPage\",\"@id\":\"https:\/\/segurosconseryes.com\/sitemap\/\",\"url\":\"https:\/\/segurosconseryes.com\/sitemap\/\",\"name\":\"sitemap - Seguros con Seryes\",\"isPartOf\":{\"@id\":\"https:\/\/segurosconseryes.com\/#website\"},\"primaryImageOfPage\":{\"@id\":\"https:\/\/segurosconseryes.com\/sitemap\/#primaryimage\"},\"image\":{\"@id\":\"https:\/\/segurosconseryes.com\/sitemap\/#primaryimage\"},\"thumbnailUrl\":\"https:\/\/segurosconseryes.com\/wp-content\/uploads\/2022\/01\/privacidad-ok.png\",\"datePublished\":\"2023-03-28T18:48:11+00:00\",\"dateModified\":\"2023-08-26T22:52:57+00:00\",\"breadcrumb\":{\"@id\":\"https:\/\/segurosconseryes.com\/sitemap\/#breadcrumb\"},\"inLanguage\":\"en-GB\",\"potentialAction\":[{\"@type\":\"ReadAction\",\"target\":[\"https:\/\/segurosconseryes.com\/sitemap\/\"]}]},{\"@type\":\"ImageObject\",\"inLanguage\":\"en-GB\",\"@id\":\"https:\/\/segurosconseryes.com\/sitemap\/#primaryimage\",\"url\":\"https:\/\/segurosconseryes.com\/wp-content\/uploads\/2022\/01\/privacidad-ok.png\",\"contentUrl\":\"https:\/\/segurosconseryes.com\/wp-content\/uploads\/2022\/01\/privacidad-ok.png\"},{\"@type\":\"BreadcrumbList\",\"@id\":\"https:\/\/segurosconseryes.com\/sitemap\/#breadcrumb\",\"itemListElement\":[{\"@type\":\"ListItem\",\"position\":1,\"name\":\"Portada\",\"item\":\"https:\/\/segurosconseryes.com\/\"},{\"@type\":\"ListItem\",\"position\":2,\"name\":\"sitemap\"}]},{\"@type\":\"WebSite\",\"@id\":\"https:\/\/segurosconseryes.com\/#website\",\"url\":\"https:\/\/segurosconseryes.com\/\",\"name\":\"seryes\",\"description\":\"pagina web de seguros\",\"publisher\":{\"@id\":\"https:\/\/segurosconseryes.com\/#organization\"},\"alternateName\":\"seryes.com\",\"potentialAction\":[{\"@type\":\"SearchAction\",\"target\":{\"@type\":\"EntryPoint\",\"urlTemplate\":\"https:\/\/segurosconseryes.com\/?s={search_term_string}\"},\"query-input\":{\"@type\":\"PropertyValueSpecification\",\"valueRequired\":true,\"valueName\":\"search_term_string\"}}],\"inLanguage\":\"en-GB\"},{\"@type\":\"Organization\",\"@id\":\"https:\/\/segurosconseryes.com\/#organization\",\"name\":\"seryes\",\"alternateName\":\"seryes seguros\",\"url\":\"https:\/\/segurosconseryes.com\/\",\"logo\":{\"@type\":\"ImageObject\",\"inLanguage\":\"en-GB\",\"@id\":\"https:\/\/segurosconseryes.com\/#\/schema\/logo\/image\/\",\"url\":\"https:\/\/segurosconseryes.com\/wp-content\/uploads\/2023\/03\/logo-seryes-fondo.jpg\",\"contentUrl\":\"https:\/\/segurosconseryes.com\/wp-content\/uploads\/2023\/03\/logo-seryes-fondo.jpg\",\"width\":230,\"height\":100,\"caption\":\"seryes\"},\"image\":{\"@id\":\"https:\/\/segurosconseryes.com\/#\/schema\/logo\/image\/\"}}]}<\/script>\n<!-- \/ Yoast SEO Premium plugin. -->","yoast_head_json":{"title":"sitemap - Seguros con Seryes","robots":{"index":"index","follow":"follow","max-snippet":"max-snippet:-1","max-image-preview":"max-image-preview:large","max-video-preview":"max-video-preview:-1"},"canonical":"https:\/\/segurosconseryes.com\/en\/sitemap\/","og_locale":"en_GB","og_type":"article","og_title":"sitemap","og_description":"SITEMAP Esta p\u00e1gina contiene un mapa del sitio web seryes.com\u00a0. El sitemap es una herramienta \u00fatil para navegar por la estructura y contenido del sitio. Un mapa\u00a0permite a los motores de b\u00fasqueda indexar y comprender el contenido de un sitio web de manera eficiente. Los motores de b\u00fasqueda pueden identificar f\u00e1cilmente el contenido y su ... Read more","og_url":"https:\/\/segurosconseryes.com\/en\/sitemap\/","og_site_name":"Seguros con Seryes","article_modified_time":"2023-08-26T22:52:57+00:00","og_image":[{"url":"https:\/\/segurosconseryes.com\/wp-content\/uploads\/2022\/01\/privacidad-ok.png","type":"","width":"","height":""}],"twitter_card":"summary_large_image","twitter_misc":{"Estimated reading time":"2 minutes"},"schema":{"@context":"https:\/\/schema.org","@graph":[{"@type":"WebPage","@id":"https:\/\/segurosconseryes.com\/sitemap\/","url":"https:\/\/segurosconseryes.com\/sitemap\/","name":"sitemap - Seguros con Seryes","isPartOf":{"@id":"https:\/\/segurosconseryes.com\/#website"},"primaryImageOfPage":{"@id":"https:\/\/segurosconseryes.com\/sitemap\/#primaryimage"},"image":{"@id":"https:\/\/segurosconseryes.com\/sitemap\/#primaryimage"},"thumbnailUrl":"https:\/\/segurosconseryes.com\/wp-content\/uploads\/2022\/01\/privacidad-ok.png","datePublished":"2023-03-28T18:48:11+00:00","dateModified":"2023-08-26T22:52:57+00:00","breadcrumb":{"@id":"https:\/\/segurosconseryes.com\/sitemap\/#breadcrumb"},"inLanguage":"en-GB","potentialAction":[{"@type":"ReadAction","target":["https:\/\/segurosconseryes.com\/sitemap\/"]}]},{"@type":"ImageObject","inLanguage":"en-GB","@id":"https:\/\/segurosconseryes.com\/sitemap\/#primaryimage","url":"https:\/\/segurosconseryes.com\/wp-content\/uploads\/2022\/01\/privacidad-ok.png","contentUrl":"https:\/\/segurosconseryes.com\/wp-content\/uploads\/2022\/01\/privacidad-ok.png"},{"@type":"BreadcrumbList","@id":"https:\/\/segurosconseryes.com\/sitemap\/#breadcrumb","itemListElement":[{"@type":"ListItem","position":1,"name":"Portada","item":"https:\/\/segurosconseryes.com\/"},{"@type":"ListItem","position":2,"name":"sitemap"}]},{"@type":"WebSite","@id":"https:\/\/segurosconseryes.com\/#website","url":"https:\/\/segurosconseryes.com\/","name":"seryes","description":"pagina web de seguros","publisher":{"@id":"https:\/\/segurosconseryes.com\/#organization"},"alternateName":"seryes.com","potentialAction":[{"@type":"SearchAction","target":{"@type":"EntryPoint","urlTemplate":"https:\/\/segurosconseryes.com\/?s={search_term_string}"},"query-input":{"@type":"PropertyValueSpecification","valueRequired":true,"valueName":"search_term_string"}}],"inLanguage":"en-GB"},{"@type":"Organization","@id":"https:\/\/segurosconseryes.com\/#organization","name":"seryes","alternateName":"seryes seguros","url":"https:\/\/segurosconseryes.com\/","logo":{"@type":"ImageObject","inLanguage":"en-GB","@id":"https:\/\/segurosconseryes.com\/#\/schema\/logo\/image\/","url":"https:\/\/segurosconseryes.com\/wp-content\/uploads\/2023\/03\/logo-seryes-fondo.jpg","contentUrl":"https:\/\/segurosconseryes.com\/wp-content\/uploads\/2023\/03\/logo-seryes-fondo.jpg","width":230,"height":100,"caption":"seryes"},"image":{"@id":"https:\/\/segurosconseryes.com\/#\/schema\/logo\/image\/"}}]}},"_links":{"self":[{"href":"https:\/\/segurosconseryes.com\/en\/wp-json\/wp\/v2\/pages\/5910","targetHints":{"allow":["GET"]}}],"collection":[{"href":"https:\/\/segurosconseryes.com\/en\/wp-json\/wp\/v2\/pages"}],"about":[{"href":"https:\/\/segurosconseryes.com\/en\/wp-json\/wp\/v2\/types\/page"}],"author":[{"embeddable":true,"href":"https:\/\/segurosconseryes.com\/en\/wp-json\/wp\/v2\/users\/3"}],"replies":[{"embeddable":true,"href":"https:\/\/segurosconseryes.com\/en\/wp-json\/wp\/v2\/comments?post=5910"}],"version-history":[{"count":10,"href":"https:\/\/segurosconseryes.com\/en\/wp-json\/wp\/v2\/pages\/5910\/revisions"}],"predecessor-version":[{"id":6449,"href":"https:\/\/segurosconseryes.com\/en\/wp-json\/wp\/v2\/pages\/5910\/revisions\/6449"}],"wp:attachment":[{"href":"https:\/\/segurosconseryes.com\/en\/wp-json\/wp\/v2\/media?parent=5910"}],"curies":[{"name":"wp","href":"https:\/\/api.w.org\/{rel}","templated":true}]}}