{"id":5868,"date":"2023-03-28T16:41:51","date_gmt":"2023-03-28T16:41:51","guid":{"rendered":"https:\/\/enconstruccion.seryes.com\/?page_id=5868"},"modified":"2023-03-28T18:10:11","modified_gmt":"2023-03-28T18:10:11","slug":"contacto","status":"publish","type":"page","link":"https:\/\/segurosconseryes.com\/en\/contacto\/","title":{"rendered":"contacto"},"content":{"rendered":"<div data-elementor-type=\"wp-page\" data-elementor-id=\"5868\" class=\"elementor elementor-5868\" data-elementor-post-type=\"page\">\n\t\t\t\t\t\t<section class=\"elementor-section elementor-top-section elementor-element elementor-element-b8f0309 elementor-section-boxed elementor-section-height-default elementor-section-height-default\" data-id=\"b8f0309\" data-element_type=\"section\" data-e-type=\"section\">\n\t\t\t\t\t\t<div class=\"elementor-container elementor-column-gap-default\">\n\t\t\t\t\t<div class=\"elementor-column elementor-col-100 elementor-top-column elementor-element elementor-element-fab8226\" data-id=\"fab8226\" data-element_type=\"column\" data-e-type=\"column\">\n\t\t\t<div class=\"elementor-widget-wrap elementor-element-populated\">\n\t\t\t\t\t\t<div class=\"elementor-element elementor-element-6e88704 elementor-widget elementor-widget-heading\" data-id=\"6e88704\" data-element_type=\"widget\" data-e-type=\"widget\" data-widget_type=\"heading.default\">\n\t\t\t\t<div class=\"elementor-widget-container\">\n\t\t\t\t\t<h2 class=\"elementor-heading-title elementor-size-default\">CONT\u00c1CTA CON NOSOTROS<\/h2>\t\t\t\t<\/div>\n\t\t\t\t<\/div>\n\t\t\t\t\t<\/div>\n\t\t<\/div>\n\t\t\t\t\t<\/div>\n\t\t<\/section>\n\t\t\t\t<section class=\"elementor-section elementor-top-section elementor-element elementor-element-634c7fd elementor-section-boxed elementor-section-height-default elementor-section-height-default\" data-id=\"634c7fd\" data-element_type=\"section\" data-e-type=\"section\">\n\t\t\t\t\t\t<div class=\"elementor-container elementor-column-gap-default\">\n\t\t\t\t\t<div class=\"elementor-column elementor-col-100 elementor-top-column elementor-element elementor-element-c2bf317\" data-id=\"c2bf317\" data-element_type=\"column\" data-e-type=\"column\">\n\t\t\t<div class=\"elementor-widget-wrap elementor-element-populated\">\n\t\t\t\t\t\t<div class=\"elementor-element elementor-element-527d7ec elementor-widget elementor-widget-image\" data-id=\"527d7ec\" data-element_type=\"widget\" data-e-type=\"widget\" data-widget_type=\"image.default\">\n\t\t\t\t<div class=\"elementor-widget-container\">\n\t\t\t\t\t\t\t\t\t\t\t\t\t\t\t<img fetchpriority=\"high\" decoding=\"async\" width=\"300\" height=\"300\" src=\"https:\/\/segurosconseryes.com\/wp-content\/uploads\/2023\/03\/privacidad_logo-300x300.png\" class=\"attachment-medium size-medium wp-image-5629\" alt=\"privacidad_logo\" srcset=\"https:\/\/segurosconseryes.com\/wp-content\/uploads\/2023\/03\/privacidad_logo-300x300.png 300w, https:\/\/segurosconseryes.com\/wp-content\/uploads\/2023\/03\/privacidad_logo-150x150.png 150w, https:\/\/segurosconseryes.com\/wp-content\/uploads\/2023\/03\/privacidad_logo.png 600w\" sizes=\"(max-width: 300px) 100vw, 300px\" \/>\t\t\t\t\t\t\t\t\t\t\t\t\t\t\t<\/div>\n\t\t\t\t<\/div>\n\t\t\t\t\t<\/div>\n\t\t<\/div>\n\t\t\t\t\t<\/div>\n\t\t<\/section>\n\t\t\t\t<section class=\"elementor-section elementor-top-section elementor-element elementor-element-158f0cb elementor-section-boxed elementor-section-height-default elementor-section-height-default\" data-id=\"158f0cb\" data-element_type=\"section\" data-e-type=\"section\" data-settings=\"{&quot;background_background&quot;:&quot;classic&quot;}\">\n\t\t\t\t\t\t\t<div class=\"elementor-background-overlay\"><\/div>\n\t\t\t\t\t\t\t<div class=\"elementor-container elementor-column-gap-default\">\n\t\t\t\t\t<div class=\"elementor-column elementor-col-100 elementor-top-column elementor-element elementor-element-38959aa\" data-id=\"38959aa\" data-element_type=\"column\" data-e-type=\"column\">\n\t\t\t<div class=\"elementor-widget-wrap elementor-element-populated\">\n\t\t\t\t\t\t<div class=\"elementor-element elementor-element-ecb9bb2 elementor-widget elementor-widget-shortcode\" data-id=\"ecb9bb2\" data-element_type=\"widget\" data-e-type=\"widget\" data-widget_type=\"shortcode.default\">\n\t\t\t\t<div class=\"elementor-widget-container\">\n\t\t\t\t\t\t\t<div class=\"elementor-shortcode\">\n<div class=\"wpcf7 no-js\" id=\"wpcf7-f5867-o1\" lang=\"es-ES\" dir=\"ltr\" data-wpcf7-id=\"5867\">\n<div class=\"screen-reader-response\"><p role=\"status\" aria-live=\"polite\" aria-atomic=\"true\"><\/p> <ul><\/ul><\/div>\n<form action=\"\/en\/wp-json\/wp\/v2\/pages\/5868#wpcf7-f5867-o1\" method=\"post\" class=\"wpcf7-form init\" aria-label=\"Formulario de contacto\" novalidate=\"novalidate\" data-status=\"init\" data-trp-original-action=\"\/en\/wp-json\/wp\/v2\/pages\/5868#wpcf7-f5867-o1\">\n<fieldset class=\"hidden-fields-container\"><input type=\"hidden\" name=\"_wpcf7\" value=\"5867\" \/><input type=\"hidden\" name=\"_wpcf7_version\" value=\"6.1.5\" \/><input type=\"hidden\" name=\"_wpcf7_locale\" value=\"es_ES\" \/><input type=\"hidden\" name=\"_wpcf7_unit_tag\" value=\"wpcf7-f5867-o1\" \/><input type=\"hidden\" name=\"_wpcf7_container_post\" value=\"0\" \/><input type=\"hidden\" name=\"_wpcf7_posted_data_hash\" value=\"\" \/>\n<\/fieldset>\n<div>\n\t<div>\n\t\t<p><label for=\"inputnombre\" style=\"position: relative; bottom: 10px\" > NOMBRE <span style=\"color: red\"> *<\/span> <\/label><br \/>\n<span class=\"wpcf7-form-control-wrap\" data-name=\"your-name\"><input size=\"40\" maxlength=\"400\" class=\"wpcf7-form-control wpcf7-text wpcf7-validates-as-required\" id=\"inputnombre\" autocomplete=\"name\" aria-required=\"true\" aria-invalid=\"false\" value=\"\" type=\"text\" name=\"your-name\" \/><\/span>\n\t\t<\/p>\n\t<\/div>\n\t<div>\n\t\t<p><label  for=\"inputemail\" style=\"position: relative; bottom: 10px\" > TU CORREO ELECTR\u00d3NICO <span style=\"color: red\"> *<\/span><\/label><br \/>\n<span class=\"wpcf7-form-control-wrap\" data-name=\"your-email\"><input size=\"40\" maxlength=\"400\" class=\"wpcf7-form-control wpcf7-email wpcf7-validates-as-required wpcf7-text wpcf7-validates-as-email\" id=\"inputemail\" autocomplete=\"email\" aria-required=\"true\" aria-invalid=\"false\" value=\"\" type=\"email\" name=\"your-email\" \/><\/span>\n\t\t<\/p>\n\t<\/div>\n\t<div>\n\t\t<p><label for=\"inputsubject\" style=\"position: relative; bottom: 10px\"  > ASUNTO <span style=\"color: red\"> *<\/span><\/label><br \/>\n<span class=\"wpcf7-form-control-wrap\" data-name=\"your-subject\"><input size=\"40\" maxlength=\"400\" class=\"wpcf7-form-control wpcf7-text wpcf7-validates-as-required\" id=\"inputasubject\" aria-required=\"true\" aria-invalid=\"false\" value=\"\" type=\"text\" name=\"your-subject\" \/><\/span>\n\t\t<\/p>\n\t<\/div>\n\t<p><label for=\"inputmensaje\" style=\"position: relative; bottom: 0px\" > TU MENSAJE<\/label><br \/>\n<span class=\"wpcf7-form-control-wrap\" data-name=\"your-message\"><textarea cols=\"40\" rows=\"10\" maxlength=\"2000\" class=\"wpcf7-form-control wpcf7-textarea\" id=\"inputmensaje\" aria-invalid=\"false\" name=\"your-message\"><\/textarea><\/span>\n\t<\/p>\n\t<div>\n\t\t<p><span class=\"wpcf7-form-control-wrap\" data-name=\"Privacidad\"><span class=\"wpcf7-form-control wpcf7-acceptance\"><span class=\"wpcf7-list-item\"><label><input type=\"checkbox\" name=\"Privacidad\" value=\"1\" aria-invalid=\"false\" \/><span class=\"wpcf7-list-item-label\">He le\u00eddo y acepto la <a rel=\"nofollow\" href=\"\/en\/politica-privacidad\/\">Pol\u00edtica de Privacidad<\/a>.<\/span><\/label><\/span><\/span><\/span>\n\t\t<\/p>\n\t<\/div>\n\t<div>\n\t\t<p style=\"font-size: 12px\" >El responsable del fichero, Servicios y Estudios de Seguros, Corredur\u00eda de Seguros, S.A., usar\u00e1 esta informaci\u00f3n para responder a Atender su solicitud de contacto. Los datos enviados se guardar\u00e1n en HOSTING dentro de la UE. Puedes acceder, rectificar o suprimir los mismos si lo deseas.\n\t\t<\/p>\n\t<\/div>\n\t<div>\n\t\t<p><input class=\"wpcf7-form-control wpcf7-submit has-spinner\" type=\"submit\" value=\"Enviar\" \/>\n\t\t<\/p>\n\t<\/div>\n<\/div><div class=\"wpcf7-response-output\" aria-hidden=\"true\"><\/div>\n<input type=\"hidden\" name=\"trp-form-language\" value=\"en\"\/><\/form>\n<\/div>\n<\/div>\n\t\t\t\t\t\t<\/div>\n\t\t\t\t<\/div>\n\t\t\t\t\t<\/div>\n\t\t<\/div>\n\t\t\t\t\t<\/div>\n\t\t<\/section>\n\t\t\t\t<section class=\"elementor-section elementor-top-section elementor-element elementor-element-936eca8 elementor-section-stretched elementor-section-boxed elementor-section-height-default elementor-section-height-default\" data-id=\"936eca8\" data-element_type=\"section\" data-e-type=\"section\" data-settings=\"{&quot;stretch_section&quot;:&quot;section-stretched&quot;}\">\n\t\t\t\t\t\t<div class=\"elementor-container elementor-column-gap-default\">\n\t\t\t\t\t<div class=\"elementor-column elementor-col-100 elementor-top-column elementor-element elementor-element-cfe2342\" data-id=\"cfe2342\" data-element_type=\"column\" data-e-type=\"column\">\n\t\t\t<div class=\"elementor-widget-wrap\">\n\t\t\t\t\t\t\t<\/div>\n\t\t<\/div>\n\t\t\t\t\t<\/div>\n\t\t<\/section>\n\t\t\t\t<\/div>","protected":false},"excerpt":{"rendered":"<p>CONT\u00c1CTA CON NOSOTROS<\/p>","protected":false},"author":3,"featured_media":0,"parent":0,"menu_order":0,"comment_status":"closed","ping_status":"closed","template":"","meta":{"inline_featured_image":false,"footnotes":""},"class_list":["post-5868","page","type-page","status-publish"],"yoast_head":"<!-- This site is optimized with the Yoast SEO Premium plugin v19.2.1 (Yoast SEO v27.5) - https:\/\/yoast.com\/product\/yoast-seo-premium-wordpress\/ -->\n<title>contacto - Seguros con Seryes<\/title>\n<meta name=\"robots\" content=\"index, follow, max-snippet:-1, max-image-preview:large, max-video-preview:-1\" \/>\n<link rel=\"canonical\" href=\"https:\/\/segurosconseryes.com\/en\/contacto\/\" \/>\n<meta property=\"og:locale\" content=\"en_GB\" \/>\n<meta property=\"og:type\" content=\"article\" \/>\n<meta property=\"og:title\" content=\"contacto\" \/>\n<meta property=\"og:description\" content=\"CONT\u00c1CTA CON NOSOTROS\" \/>\n<meta property=\"og:url\" content=\"https:\/\/segurosconseryes.com\/en\/contacto\/\" \/>\n<meta property=\"og:site_name\" content=\"Seguros con Seryes\" \/>\n<meta property=\"article:modified_time\" content=\"2023-03-28T18:10:11+00:00\" \/>\n<meta property=\"og:image\" content=\"https:\/\/segurosconseryes.com\/wp-content\/uploads\/2023\/03\/privacidad_logo-300x300.png\" \/>\n<meta name=\"twitter:card\" content=\"summary_large_image\" \/>\n<meta name=\"twitter:label1\" content=\"Estimated reading time\" \/>\n\t<meta name=\"twitter:data1\" content=\"1 minute\" \/>\n<script type=\"application\/ld+json\" class=\"yoast-schema-graph\">{\"@context\":\"https:\\\/\\\/schema.org\",\"@graph\":[{\"@type\":\"WebPage\",\"@id\":\"https:\\\/\\\/segurosconseryes.com\\\/contacto\\\/\",\"url\":\"https:\\\/\\\/segurosconseryes.com\\\/contacto\\\/\",\"name\":\"contacto - Seguros con Seryes\",\"isPartOf\":{\"@id\":\"https:\\\/\\\/segurosconseryes.com\\\/#website\"},\"primaryImageOfPage\":{\"@id\":\"https:\\\/\\\/segurosconseryes.com\\\/contacto\\\/#primaryimage\"},\"image\":{\"@id\":\"https:\\\/\\\/segurosconseryes.com\\\/contacto\\\/#primaryimage\"},\"thumbnailUrl\":\"https:\\\/\\\/segurosconseryes.com\\\/wp-content\\\/uploads\\\/2023\\\/03\\\/privacidad_logo-300x300.png\",\"datePublished\":\"2023-03-28T16:41:51+00:00\",\"dateModified\":\"2023-03-28T18:10:11+00:00\",\"breadcrumb\":{\"@id\":\"https:\\\/\\\/segurosconseryes.com\\\/contacto\\\/#breadcrumb\"},\"inLanguage\":\"en-GB\",\"potentialAction\":[{\"@type\":\"ReadAction\",\"target\":[\"https:\\\/\\\/segurosconseryes.com\\\/contacto\\\/\"]}]},{\"@type\":\"ImageObject\",\"inLanguage\":\"en-GB\",\"@id\":\"https:\\\/\\\/segurosconseryes.com\\\/contacto\\\/#primaryimage\",\"url\":\"https:\\\/\\\/segurosconseryes.com\\\/wp-content\\\/uploads\\\/2023\\\/03\\\/privacidad_logo-300x300.png\",\"contentUrl\":\"https:\\\/\\\/segurosconseryes.com\\\/wp-content\\\/uploads\\\/2023\\\/03\\\/privacidad_logo-300x300.png\"},{\"@type\":\"BreadcrumbList\",\"@id\":\"https:\\\/\\\/segurosconseryes.com\\\/contacto\\\/#breadcrumb\",\"itemListElement\":[{\"@type\":\"ListItem\",\"position\":1,\"name\":\"Portada\",\"item\":\"https:\\\/\\\/segurosconseryes.com\\\/\"},{\"@type\":\"ListItem\",\"position\":2,\"name\":\"contacto\"}]},{\"@type\":\"WebSite\",\"@id\":\"https:\\\/\\\/segurosconseryes.com\\\/#website\",\"url\":\"https:\\\/\\\/segurosconseryes.com\\\/\",\"name\":\"seryes\",\"description\":\"pagina web de seguros\",\"publisher\":{\"@id\":\"https:\\\/\\\/segurosconseryes.com\\\/#organization\"},\"alternateName\":\"seryes.com\",\"potentialAction\":[{\"@type\":\"SearchAction\",\"target\":{\"@type\":\"EntryPoint\",\"urlTemplate\":\"https:\\\/\\\/segurosconseryes.com\\\/?s={search_term_string}\"},\"query-input\":{\"@type\":\"PropertyValueSpecification\",\"valueRequired\":true,\"valueName\":\"search_term_string\"}}],\"inLanguage\":\"en-GB\"},{\"@type\":\"Organization\",\"@id\":\"https:\\\/\\\/segurosconseryes.com\\\/#organization\",\"name\":\"seryes\",\"alternateName\":\"seryes seguros\",\"url\":\"https:\\\/\\\/segurosconseryes.com\\\/\",\"logo\":{\"@type\":\"ImageObject\",\"inLanguage\":\"en-GB\",\"@id\":\"https:\\\/\\\/segurosconseryes.com\\\/#\\\/schema\\\/logo\\\/image\\\/\",\"url\":\"https:\\\/\\\/segurosconseryes.com\\\/wp-content\\\/uploads\\\/2023\\\/03\\\/logo-seryes-fondo.jpg\",\"contentUrl\":\"https:\\\/\\\/segurosconseryes.com\\\/wp-content\\\/uploads\\\/2023\\\/03\\\/logo-seryes-fondo.jpg\",\"width\":230,\"height\":100,\"caption\":\"seryes\"},\"image\":{\"@id\":\"https:\\\/\\\/segurosconseryes.com\\\/#\\\/schema\\\/logo\\\/image\\\/\"}}]}<\/script>\n<!-- \/ Yoast SEO Premium plugin. -->","yoast_head_json":{"title":"contacto - Seguros con Seryes","robots":{"index":"index","follow":"follow","max-snippet":"max-snippet:-1","max-image-preview":"max-image-preview:large","max-video-preview":"max-video-preview:-1"},"canonical":"https:\/\/segurosconseryes.com\/en\/contacto\/","og_locale":"en_GB","og_type":"article","og_title":"contacto","og_description":"CONT\u00c1CTA CON NOSOTROS","og_url":"https:\/\/segurosconseryes.com\/en\/contacto\/","og_site_name":"Seguros con Seryes","article_modified_time":"2023-03-28T18:10:11+00:00","og_image":[{"url":"https:\/\/segurosconseryes.com\/wp-content\/uploads\/2023\/03\/privacidad_logo-300x300.png","type":"","width":"","height":""}],"twitter_card":"summary_large_image","twitter_misc":{"Estimated reading time":"1 minute"},"schema":{"@context":"https:\/\/schema.org","@graph":[{"@type":"WebPage","@id":"https:\/\/segurosconseryes.com\/contacto\/","url":"https:\/\/segurosconseryes.com\/contacto\/","name":"contacto - Seguros con Seryes","isPartOf":{"@id":"https:\/\/segurosconseryes.com\/#website"},"primaryImageOfPage":{"@id":"https:\/\/segurosconseryes.com\/contacto\/#primaryimage"},"image":{"@id":"https:\/\/segurosconseryes.com\/contacto\/#primaryimage"},"thumbnailUrl":"https:\/\/segurosconseryes.com\/wp-content\/uploads\/2023\/03\/privacidad_logo-300x300.png","datePublished":"2023-03-28T16:41:51+00:00","dateModified":"2023-03-28T18:10:11+00:00","breadcrumb":{"@id":"https:\/\/segurosconseryes.com\/contacto\/#breadcrumb"},"inLanguage":"en-GB","potentialAction":[{"@type":"ReadAction","target":["https:\/\/segurosconseryes.com\/contacto\/"]}]},{"@type":"ImageObject","inLanguage":"en-GB","@id":"https:\/\/segurosconseryes.com\/contacto\/#primaryimage","url":"https:\/\/segurosconseryes.com\/wp-content\/uploads\/2023\/03\/privacidad_logo-300x300.png","contentUrl":"https:\/\/segurosconseryes.com\/wp-content\/uploads\/2023\/03\/privacidad_logo-300x300.png"},{"@type":"BreadcrumbList","@id":"https:\/\/segurosconseryes.com\/contacto\/#breadcrumb","itemListElement":[{"@type":"ListItem","position":1,"name":"Portada","item":"https:\/\/segurosconseryes.com\/"},{"@type":"ListItem","position":2,"name":"contacto"}]},{"@type":"WebSite","@id":"https:\/\/segurosconseryes.com\/#website","url":"https:\/\/segurosconseryes.com\/","name":"seryes","description":"pagina web de seguros","publisher":{"@id":"https:\/\/segurosconseryes.com\/#organization"},"alternateName":"seryes.com","potentialAction":[{"@type":"SearchAction","target":{"@type":"EntryPoint","urlTemplate":"https:\/\/segurosconseryes.com\/?s={search_term_string}"},"query-input":{"@type":"PropertyValueSpecification","valueRequired":true,"valueName":"search_term_string"}}],"inLanguage":"en-GB"},{"@type":"Organization","@id":"https:\/\/segurosconseryes.com\/#organization","name":"seryes","alternateName":"seryes seguros","url":"https:\/\/segurosconseryes.com\/","logo":{"@type":"ImageObject","inLanguage":"en-GB","@id":"https:\/\/segurosconseryes.com\/#\/schema\/logo\/image\/","url":"https:\/\/segurosconseryes.com\/wp-content\/uploads\/2023\/03\/logo-seryes-fondo.jpg","contentUrl":"https:\/\/segurosconseryes.com\/wp-content\/uploads\/2023\/03\/logo-seryes-fondo.jpg","width":230,"height":100,"caption":"seryes"},"image":{"@id":"https:\/\/segurosconseryes.com\/#\/schema\/logo\/image\/"}}]}},"_links":{"self":[{"href":"https:\/\/segurosconseryes.com\/en\/wp-json\/wp\/v2\/pages\/5868","targetHints":{"allow":["GET"]}}],"collection":[{"href":"https:\/\/segurosconseryes.com\/en\/wp-json\/wp\/v2\/pages"}],"about":[{"href":"https:\/\/segurosconseryes.com\/en\/wp-json\/wp\/v2\/types\/page"}],"author":[{"embeddable":true,"href":"https:\/\/segurosconseryes.com\/en\/wp-json\/wp\/v2\/users\/3"}],"replies":[{"embeddable":true,"href":"https:\/\/segurosconseryes.com\/en\/wp-json\/wp\/v2\/comments?post=5868"}],"version-history":[{"count":29,"href":"https:\/\/segurosconseryes.com\/en\/wp-json\/wp\/v2\/pages\/5868\/revisions"}],"predecessor-version":[{"id":5909,"href":"https:\/\/segurosconseryes.com\/en\/wp-json\/wp\/v2\/pages\/5868\/revisions\/5909"}],"wp:attachment":[{"href":"https:\/\/segurosconseryes.com\/en\/wp-json\/wp\/v2\/media?parent=5868"}],"curies":[{"name":"wp","href":"https:\/\/api.w.org\/{rel}","templated":true}]}}